{"id":1050,"date":"2023-09-09T21:55:12","date_gmt":"2023-09-09T21:55:12","guid":{"rendered":"https:\/\/itsulu-demo.bslthemes.com\/?page_id=1050"},"modified":"2026-03-29T17:43:25","modified_gmt":"2026-03-29T15:43:25","slug":"techcare","status":"publish","type":"page","link":"https:\/\/omitech.al\/sq\/techcare\/","title":{"rendered":"TechCare"},"content":{"rendered":"<div data-elementor-type=\"wp-page\" data-elementor-id=\"1050\" class=\"elementor elementor-1050\">\n\t\t\t\t\t\t<section class=\"elementor-section elementor-top-section elementor-element elementor-element-6270239 elementor-section-full_width elementor-section-height-default elementor-section-height-default\" data-id=\"6270239\" data-element_type=\"section\" data-e-type=\"section\" data-settings=\"{&quot;background_background&quot;:&quot;classic&quot;}\">\n\t\t\t\t\t\t\t<div class=\"elementor-background-overlay\"><\/div>\n\t\t\t\t\t\t\t<div class=\"elementor-container elementor-column-gap-no\">\n\t\t\t\t\t<div class=\"elementor-column elementor-col-100 elementor-top-column elementor-element elementor-element-b5082bb\" data-id=\"b5082bb\" data-element_type=\"column\" data-e-type=\"column\">\n\t\t\t<div class=\"elementor-widget-wrap elementor-element-populated\">\n\t\t\t\t\t\t<section class=\"elementor-section elementor-inner-section elementor-element elementor-element-96ca7c8 elementor-section-boxed elementor-section-height-default elementor-section-height-default\" data-id=\"96ca7c8\" data-element_type=\"section\" data-e-type=\"section\">\n\t\t\t\t\t\t<div class=\"elementor-container elementor-column-gap-default\">\n\t\t\t\t\t<div class=\"elementor-column elementor-col-100 elementor-inner-column elementor-element elementor-element-31f71e2\" data-id=\"31f71e2\" data-element_type=\"column\" data-e-type=\"column\">\n\t\t\t<div class=\"elementor-widget-wrap elementor-element-populated\">\n\t\t\t\t\t\t<div class=\"elementor-element elementor-element-9516586 elementor-widget elementor-widget-itsulu-intro\" data-id=\"9516586\" data-element_type=\"widget\" data-e-type=\"widget\" data-widget_type=\"itsulu-intro.default\">\n\t\t\t\t<div class=\"elementor-widget-container\">\n\t\t\t\t\t\n\t\t<!-- banner -->\n\t\t<div class=\"mil-banner-sm\">\n\t\t\t\t\t\t\t\t\t\t\t\t<div class=\"mil-deco mil-deco-accent\" style=\"top: 47%; right: 0%; transform: rotate(90deg); background-image: url(https:\/\/omitech.al\/wp-content\/uploads\/2025\/05\/photot01-scaled.png);\"><\/div>\n\t\t\t\t\t\t\t\t\t\t\t\t<div class=\"mil-banner-content\">\n\t\t\t\t\t\t\t\t<div class=\"mil-breadcrumbs mil-mb-30 mil-light\">\n\t\t\t\t\t<ul><li><a href=\"https:\/\/omitech.al\/sq\" title=\"OMITECH\"><span>Kreu<\/span><\/a><\/li><li class=\"current\"><span><\/span><\/li><\/ul>\t\t\t\t<\/div>\n\t\t\t\t\t\t\t\t\t\t\t\t<h1 class=\"mil-h2 mil-uppercase mil-light\">\n\t\t\t\t\t<span >\n\t\t\t\t\t\tTech Care \t\t\t\t\t<\/span>\n\t\t\t\t<\/h1>\n\t\t\t\t\t\t\t\t\t\t\t<\/div>\n\t\t<\/div>\n\t\t<!-- banner end -->\n\n\t\t\t\t\t\t<\/div>\n\t\t\t\t<\/div>\n\t\t\t\t\t<\/div>\n\t\t<\/div>\n\t\t\t\t\t<\/div>\n\t\t<\/section>\n\t\t\t\t\t<\/div>\n\t\t<\/div>\n\t\t\t\t\t<\/div>\n\t\t<\/section>\n\t\t\t\t<section class=\"elementor-section elementor-top-section elementor-element elementor-element-a1a714c elementor-section-content-middle elementor-section-boxed elementor-section-height-default elementor-section-height-default\" data-id=\"a1a714c\" data-element_type=\"section\" data-e-type=\"section\">\n\t\t\t\t\t\t<div class=\"elementor-container elementor-column-gap-default\">\n\t\t\t\t\t<div class=\"elementor-column elementor-col-100 elementor-top-column elementor-element elementor-element-6e3cfb3\" data-id=\"6e3cfb3\" data-element_type=\"column\" data-e-type=\"column\">\n\t\t\t<div class=\"elementor-widget-wrap elementor-element-populated\">\n\t\t\t\t\t\t<div class=\"elementor-element elementor-element-104396d elementor-position-left elementor-vertical-align-middle elementor-position-top elementor-widget elementor-widget-image-box\" data-id=\"104396d\" data-element_type=\"widget\" data-e-type=\"widget\" data-widget_type=\"image-box.default\">\n\t\t\t\t<div class=\"elementor-widget-container\">\n\t\t\t\t\t<div class=\"elementor-image-box-wrapper\"><figure class=\"elementor-image-box-img\"><img fetchpriority=\"high\" decoding=\"async\" width=\"300\" height=\"300\" src=\"https:\/\/omitech.al\/wp-content\/uploads\/2025\/06\/devicecare-300x300.png\" class=\"attachment-medium size-medium wp-image-4535\" alt=\"\" srcset=\"https:\/\/omitech.al\/wp-content\/uploads\/2025\/06\/devicecare-300x300.png 300w, https:\/\/omitech.al\/wp-content\/uploads\/2025\/06\/devicecare-150x150.png 150w, https:\/\/omitech.al\/wp-content\/uploads\/2025\/06\/devicecare-200x200.png 200w, https:\/\/omitech.al\/wp-content\/uploads\/2025\/06\/devicecare-400x400.png 400w, https:\/\/omitech.al\/wp-content\/uploads\/2025\/06\/devicecare.png 513w\" sizes=\"(max-width: 300px) 100vw, 300px\" \/><\/figure><div class=\"elementor-image-box-content\"><h3 class=\"elementor-image-box-title\">TechCare <\/h3><p class=\"elementor-image-box-description\"><span class=\"mil-accent\">TechCare <\/span> \n\nofron mb\u00ebshtetje t\u00eb vazhdueshme dhe gjith\u00ebp\u00ebrfshir\u00ebse p\u00ebr t\u00eb gjitha pajisjet tuaja teknologjike, p\u00ebrfshir\u00eb kompjuter\u00ebt, laptop\u00ebt, server\u00ebt dhe printer\u00ebt <br> Me nj\u00eb kosto fikse mujore, sigurojm\u00eb q\u00eb biznesi t\u00eb funksionoj\u00eb pa nd\u00ebrprerje, duke zgjidhur \u00e7do problem teknik shpejt dhe efikas.<\/p><\/div><\/div>\t\t\t\t<\/div>\n\t\t\t\t<\/div>\n\t\t\t\t\t<\/div>\n\t\t<\/div>\n\t\t\t\t\t<\/div>\n\t\t<\/section>\n\t\t<div class=\"elementor-element elementor-element-f69bcd9 e-flex e-con-boxed e-con e-parent\" data-id=\"f69bcd9\" data-element_type=\"container\" data-e-type=\"container\" data-settings=\"{&quot;background_background&quot;:&quot;classic&quot;}\">\n\t\t\t\t\t<div class=\"e-con-inner\">\n\t\t\t\t<div class=\"elementor-element elementor-element-50c93df elementor-widget elementor-widget-itsulu-heading\" data-id=\"50c93df\" data-element_type=\"widget\" data-e-type=\"widget\" data-widget_type=\"itsulu-heading.default\">\n\t\t\t\t<div class=\"elementor-widget-container\">\n\t\t\t\t\t\n\t\t\t\t\t\t<h2 class=\"mil-h2\">\n\t\t\t<span >\n\t\t\t\tZgjidhni ose <span class=\"mil-accent\">p\u00ebrshtatni<\/span> planin\t\t\t<\/span>\n\t\t<\/h2>\n\t\t\n\t\t\t\t\t\t<\/div>\n\t\t\t\t<\/div>\n\t\t\t\t<div class=\"elementor-element elementor-element-ed78682 elementor-widget elementor-widget-text-editor\" data-id=\"ed78682\" data-element_type=\"widget\" data-e-type=\"widget\" data-widget_type=\"text-editor.default\">\n\t\t\t\t<div class=\"elementor-widget-container\">\n\t\t\t\t\t\t\t\t\t<p>Ne mund t\u00eb krijojm\u00eb nj\u00eb plan dhe \u00e7mim t\u00eb personalizuar sipas nevojave tuaja.<\/p>\t\t\t\t\t\t\t\t<\/div>\n\t\t\t\t<\/div>\n\t\t\t\t\t<\/div>\n\t\t\t\t<\/div>\n\t\t\t\t<section class=\"elementor-section elementor-top-section elementor-element elementor-element-3aab3b4 elementor-section-boxed elementor-section-height-default elementor-section-height-default\" data-id=\"3aab3b4\" data-element_type=\"section\" data-e-type=\"section\">\n\t\t\t\t\t\t<div class=\"elementor-container elementor-column-gap-default\">\n\t\t\t\t\t<div class=\"elementor-column elementor-col-33 elementor-top-column elementor-element elementor-element-9a5f7db\" data-id=\"9a5f7db\" data-element_type=\"column\" data-e-type=\"column\">\n\t\t\t<div class=\"elementor-widget-wrap elementor-element-populated\">\n\t\t\t\t\t\t<div class=\"elementor-element elementor-element-ddcd249 elementor-widget elementor-widget-itsulu-pricing\" data-id=\"ddcd249\" data-element_type=\"widget\" data-e-type=\"widget\" data-widget_type=\"itsulu-pricing.default\">\n\t\t\t\t<div class=\"elementor-widget-container\">\n\t\t\t\t\t\n\t\t<div class=\"mil-hover-card mil-price-card\">\n\t\t\t\t\t\t\t\t\t<div class=\"mil-h2\">\n\t\t\t\t<div >\n\t\t\t\t\tBasic \t\t\t\t<\/div>\n\t\t\t<\/div>\n\t\t\t\t\t\t\t\t\t<div class=\"mil-plan-price mil-mb-15\">\n\t\t\t\t<div class=\"mil-h3 mil-accent\">\n\t\t\t\t\t<span >\n\t\t\t\t\t\t\u20ac  0\t\t\t\t\t<\/span>\n\t\t\t\t<\/div>\n\t\t\t\t<span >\n\t\t\t\t\t\/ device per month\t\t\t\t<\/span>\n\t\t\t<\/div>\n\t\t\t\t\t\t\t\t\t\t\t\t<a class=\"mil-button mil-border mil-fw mil-mb-60\" href=\"\/sq\/contact\/\">\n\t\t\t\t<span >\n\t\t\t\t\tFillo tani\t\t\t\t<\/span>\n\t\t\t<\/a>\n\t\t\t\t\t\t\t\t\t<div class=\"mil-check-list\">\n\t\t\t\t<div >\n\t\t\t\t\t<ul><li>Technical support 08:00-17:00<\/li><li>Up to 3 Cases<\/li><li>Installation and updates<\/li><li>Assistance peripheral devices and email<\/li><li>Basic server and network configuration<\/li><li>Antivirus installation and maintenance<\/li><li>SLA 4 hours<\/li><li>Monthly on-site visits<\/li><li>Guidance to optimize tech<\/li><li>Backups once per month<\/li><\/ul>\t\t\t\t<\/div>\n\t\t\t<\/div>\n\t\t\t\t\t<\/div>\n\n\t\t\t\t\t\t<\/div>\n\t\t\t\t<\/div>\n\t\t\t\t\t<\/div>\n\t\t<\/div>\n\t\t\t\t<div class=\"elementor-column elementor-col-33 elementor-top-column elementor-element elementor-element-71ac170\" data-id=\"71ac170\" data-element_type=\"column\" data-e-type=\"column\">\n\t\t\t<div class=\"elementor-widget-wrap elementor-element-populated\">\n\t\t\t\t\t\t<div class=\"elementor-element elementor-element-971cfbd elementor-widget elementor-widget-itsulu-pricing\" data-id=\"971cfbd\" data-element_type=\"widget\" data-e-type=\"widget\" data-widget_type=\"itsulu-pricing.default\">\n\t\t\t\t<div class=\"elementor-widget-container\">\n\t\t\t\t\t\n\t\t<div class=\"mil-hover-card mil-price-card\">\n\t\t\t\t\t\t\t\t\t<div class=\"mil-h2\">\n\t\t\t\t<div >\n\t\t\t\t\tAdvanced \t\t\t\t<\/div>\n\t\t\t<\/div>\n\t\t\t\t\t\t\t\t\t<div class=\"mil-plan-price mil-mb-15\">\n\t\t\t\t<div class=\"mil-h3 mil-accent\">\n\t\t\t\t\t<span >\n\t\t\t\t\t\t\u20ac 0\t\t\t\t\t<\/span>\n\t\t\t\t<\/div>\n\t\t\t\t<span >\n\t\t\t\t\t\/ device per month\t\t\t\t<\/span>\n\t\t\t<\/div>\n\t\t\t\t\t\t\t\t\t\t\t\t<a class=\"mil-button mil-border mil-fw mil-mb-60\" href=\"\/sq\/contact\/\">\n\t\t\t\t<span >\n\t\t\t\t\tFillo tani\t\t\t\t<\/span>\n\t\t\t<\/a>\n\t\t\t\t\t\t\t\t\t<div class=\"mil-check-list\">\n\t\t\t\t<div >\n\t\t\t\t\t<ul><li>Include all Basic Plan<\/li><li>Technical support 08:00-21:00<\/li><li>Unlimit Cases<\/li><li>Secure user access via VPN<\/li><li>SLA 2 hours<\/li><li>24\/7 monitoring<\/li><li>IT consulting<\/li><li>Domain registration<\/li><li>Integration of services such as Office 365, G Suite<\/li><li>Advanced threat detection and response system (EDR)<\/li><li>Data migration and cloud management<\/li><li>Backups once per Day<\/li><li>Off-site backup copies<\/li><li>Data recovery in case of issues<\/li><\/ul>\t\t\t\t<\/div>\n\t\t\t<\/div>\n\t\t\t\t\t<\/div>\n\n\t\t\t\t\t\t<\/div>\n\t\t\t\t<\/div>\n\t\t\t\t\t<\/div>\n\t\t<\/div>\n\t\t\t\t<div class=\"elementor-column elementor-col-33 elementor-top-column elementor-element elementor-element-de1b2e3\" data-id=\"de1b2e3\" data-element_type=\"column\" data-e-type=\"column\">\n\t\t\t<div class=\"elementor-widget-wrap elementor-element-populated\">\n\t\t\t\t\t\t<div class=\"elementor-element elementor-element-fce7bee elementor-widget elementor-widget-itsulu-pricing\" data-id=\"fce7bee\" data-element_type=\"widget\" data-e-type=\"widget\" data-widget_type=\"itsulu-pricing.default\">\n\t\t\t\t<div class=\"elementor-widget-container\">\n\t\t\t\t\t\n\t\t<div class=\"mil-hover-card mil-price-card\">\n\t\t\t\t\t\t\t\t\t<div class=\"mil-h2\">\n\t\t\t\t<div >\n\t\t\t\t\tPremium \t\t\t\t<\/div>\n\t\t\t<\/div>\n\t\t\t\t\t\t\t\t\t<div class=\"mil-plan-price mil-mb-15\">\n\t\t\t\t<div class=\"mil-h3 mil-accent\">\n\t\t\t\t\t<span >\n\t\t\t\t\t\t\u20ac  0\t\t\t\t\t<\/span>\n\t\t\t\t<\/div>\n\t\t\t\t<span >\n\t\t\t\t\t\/ device per month\t\t\t\t<\/span>\n\t\t\t<\/div>\n\t\t\t\t\t\t\t\t\t\t\t\t<a class=\"mil-button mil-border mil-fw mil-mb-60\" href=\"\/sq\/contact\/\">\n\t\t\t\t<span >\n\t\t\t\t\tFillo tani\t\t\t\t<\/span>\n\t\t\t<\/a>\n\t\t\t\t\t\t\t\t\t<div class=\"mil-check-list\">\n\t\t\t\t<div >\n\t\t\t\t\t<ul><li>Include all Basic and pro plan<\/li><li>Dedicated support for complex IT issues<\/li><li>IT services with dedicated staff<\/li><li>SLA 5 min on call 30 On Site\u00a0<\/li><li>Continuous monitoring and protection<\/li><li>System and network documentation<\/li><li>Creation of manuals and procedures<\/li><li>Setup and administration of Microsoft Azure, AWS, or Google Cloud<\/li><li>Cloud cost optimization<\/li><li>Protection systems against ransomware and DDoS attacks<\/li><li>Staff training for<\/li><li>phishing and other cyber threats<\/li><li>Backups once per Hours<\/li><\/ul>\t\t\t\t<\/div>\n\t\t\t<\/div>\n\t\t\t\t\t<\/div>\n\n\t\t\t\t\t\t<\/div>\n\t\t\t\t<\/div>\n\t\t\t\t\t<\/div>\n\t\t<\/div>\n\t\t\t\t\t<\/div>\n\t\t<\/section>\n\t\t<div class=\"elementor-element elementor-element-ba946ee e-flex e-con-boxed e-con e-parent\" data-id=\"ba946ee\" data-element_type=\"container\" data-e-type=\"container\">\n\t\t\t\t\t<div class=\"e-con-inner\">\n\t\t\t\t<div class=\"elementor-element elementor-element-bf2c6e4 elementor-widget elementor-widget-text-editor\" data-id=\"bf2c6e4\" data-element_type=\"widget\" data-e-type=\"widget\" data-widget_type=\"text-editor.default\">\n\t\t\t\t<div class=\"elementor-widget-container\">\n\t\t\t\t\t\t\t\t\t<p><span class=\"mil-accent\">* <\/span>n\u00ebse nuk e gjeni sh\u00ebrbimin q\u00eb k\u00ebrkoni k\u00ebtu, mos hezitoni t\u00eb <a href=\"\/sq\/contact\/\"><span class=\"mil-accent\" title=\"Kontakt\">na kontaktoni!<\/span><\/a><\/p>\t\t\t\t\t\t\t\t<\/div>\n\t\t\t\t<\/div>\n\t\t\t\t\t<\/div>\n\t\t\t\t<\/div>\n\t\t\t\t<\/div>","protected":false},"excerpt":{"rendered":"<p>Home Tech Care TechCare TechCare delivers comprehensive, ongoing support for all your devices\u2014computers, laptops, servers, printers, and more. With a fixed monthly fee, we&#8230; <br \/><a href=\"https:\/\/omitech.al\/sq\/techcare\/\" class=\"mil-link mil-mt-30\"><span>Read more<\/span><i class=\"fas fa-arrow-right\"><\/i><\/a><\/p>","protected":false},"author":1,"featured_media":0,"parent":0,"menu_order":0,"comment_status":"closed","ping_status":"closed","template":"template-elementor-default.php","meta":{"_acf_changed":false,"inline_featured_image":false,"_monsterinsights_skip_tracking":false,"_monsterinsights_sitenote_active":false,"_monsterinsights_sitenote_note":"","_monsterinsights_sitenote_category":0,"footnotes":""},"class_list":["post-1050","page","type-page","status-publish","hentry"],"acf":[],"aioseo_notices":[],"_links":{"self":[{"href":"https:\/\/omitech.al\/sq\/wp-json\/wp\/v2\/pages\/1050","targetHints":{"allow":["GET"]}}],"collection":[{"href":"https:\/\/omitech.al\/sq\/wp-json\/wp\/v2\/pages"}],"about":[{"href":"https:\/\/omitech.al\/sq\/wp-json\/wp\/v2\/types\/page"}],"author":[{"embeddable":true,"href":"https:\/\/omitech.al\/sq\/wp-json\/wp\/v2\/users\/1"}],"replies":[{"embeddable":true,"href":"https:\/\/omitech.al\/sq\/wp-json\/wp\/v2\/comments?post=1050"}],"version-history":[{"count":125,"href":"https:\/\/omitech.al\/sq\/wp-json\/wp\/v2\/pages\/1050\/revisions"}],"predecessor-version":[{"id":5316,"href":"https:\/\/omitech.al\/sq\/wp-json\/wp\/v2\/pages\/1050\/revisions\/5316"}],"wp:attachment":[{"href":"https:\/\/omitech.al\/sq\/wp-json\/wp\/v2\/media?parent=1050"}],"curies":[{"name":"wp","href":"https:\/\/api.w.org\/{rel}","templated":true}]}}