{"id":1097,"date":"2023-09-10T00:44:22","date_gmt":"2023-09-10T00:44:22","guid":{"rendered":"https:\/\/itsulu-demo.bslthemes.com\/?page_id=1097"},"modified":"2026-03-29T17:39:32","modified_gmt":"2026-03-29T15:39:32","slug":"faq","status":"publish","type":"page","link":"https:\/\/omitech.al\/sq\/faq\/","title":{"rendered":"FAQ"},"content":{"rendered":"<div data-elementor-type=\"wp-page\" data-elementor-id=\"1097\" class=\"elementor elementor-1097\">\n\t\t\t\t\t\t<section class=\"elementor-section elementor-top-section elementor-element elementor-element-2c92e05 elementor-section-full_width elementor-section-height-default elementor-section-height-default\" data-id=\"2c92e05\" data-element_type=\"section\" data-e-type=\"section\" data-settings=\"{&quot;background_background&quot;:&quot;classic&quot;}\">\n\t\t\t\t\t\t\t<div class=\"elementor-background-overlay\"><\/div>\n\t\t\t\t\t\t\t<div class=\"elementor-container elementor-column-gap-no\">\n\t\t\t\t\t<div class=\"elementor-column elementor-col-100 elementor-top-column elementor-element elementor-element-f09ceb1\" data-id=\"f09ceb1\" data-element_type=\"column\" data-e-type=\"column\">\n\t\t\t<div class=\"elementor-widget-wrap elementor-element-populated\">\n\t\t\t\t\t\t<section class=\"elementor-section elementor-inner-section elementor-element elementor-element-f9e1a24 elementor-section-boxed elementor-section-height-default elementor-section-height-default\" data-id=\"f9e1a24\" data-element_type=\"section\" data-e-type=\"section\">\n\t\t\t\t\t\t<div class=\"elementor-container elementor-column-gap-default\">\n\t\t\t\t\t<div class=\"elementor-column elementor-col-100 elementor-inner-column elementor-element elementor-element-d93785a\" data-id=\"d93785a\" data-element_type=\"column\" data-e-type=\"column\">\n\t\t\t<div class=\"elementor-widget-wrap elementor-element-populated\">\n\t\t\t\t\t\t<div class=\"elementor-element elementor-element-c19425c elementor-widget elementor-widget-itsulu-intro\" data-id=\"c19425c\" data-element_type=\"widget\" data-e-type=\"widget\" data-widget_type=\"itsulu-intro.default\">\n\t\t\t\t<div class=\"elementor-widget-container\">\n\t\t\t\t\t\n\t\t<!-- banner -->\n\t\t<div class=\"mil-banner-sm\">\n\t\t\t\t\t\t\t\t\t\t\t\t<div class=\"mil-deco mil-deco-accent\" style=\"top: 47%; right: 0%; transform: rotate(90deg); background-image: url(https:\/\/omitech.al\/wp-content\/uploads\/2025\/05\/photot01-scaled.png);\"><\/div>\n\t\t\t\t\t\t\t\t\t\t\t\t<div class=\"mil-banner-content\">\n\t\t\t\t\t\t\t\t<div class=\"mil-breadcrumbs mil-mb-30 mil-light\">\n\t\t\t\t\t<ul><li><a href=\"https:\/\/omitech.al\/sq\" title=\"OMITECH\"><span>Kreu<\/span><\/a><\/li><li class=\"current\"><span><\/span><\/li><\/ul>\t\t\t\t<\/div>\n\t\t\t\t\t\t\t\t\t\t\t\t<h1 class=\"mil-h2 mil-uppercase mil-light\">\n\t\t\t\t\t<span >\n\t\t\t\t\t\tFAQ\t\t\t\t\t<\/span>\n\t\t\t\t<\/h1>\n\t\t\t\t\t\t\t\t\t\t\t<\/div>\n\t\t<\/div>\n\t\t<!-- banner end -->\n\n\t\t\t\t\t\t<\/div>\n\t\t\t\t<\/div>\n\t\t\t\t\t<\/div>\n\t\t<\/div>\n\t\t\t\t\t<\/div>\n\t\t<\/section>\n\t\t\t\t\t<\/div>\n\t\t<\/div>\n\t\t\t\t\t<\/div>\n\t\t<\/section>\n\t\t\t\t<section class=\"elementor-section elementor-top-section elementor-element elementor-element-fcb65b3 elementor-section-boxed elementor-section-height-default elementor-section-height-default\" data-id=\"fcb65b3\" data-element_type=\"section\" data-e-type=\"section\">\n\t\t\t\t\t\t<div class=\"elementor-container elementor-column-gap-default\">\n\t\t\t\t\t<div class=\"elementor-column elementor-col-33 elementor-top-column elementor-element elementor-element-551d8a3\" data-id=\"551d8a3\" data-element_type=\"column\" data-e-type=\"column\">\n\t\t\t<div class=\"elementor-widget-wrap elementor-element-populated\">\n\t\t\t\t\t\t<div class=\"elementor-element elementor-element-e2d37f2 elementor-widget elementor-widget-itsulu-heading\" data-id=\"e2d37f2\" data-element_type=\"widget\" data-e-type=\"widget\" data-widget_type=\"itsulu-heading.default\">\n\t\t\t\t<div class=\"elementor-widget-container\">\n\t\t\t\t\t\n\t\t\t\t\t\t<h2 class=\"mil-h2\">\n\t\t\t<span >\n\t\t\t\t<span class=\"mil-accent\">Keni pyetje?<\/span>  Ne kemi p\u00ebrgjigjet!\t\t\t<\/span>\n\t\t<\/h2>\n\t\t\n\t\t\t\t\t\t<\/div>\n\t\t\t\t<\/div>\n\t\t\t\t<div class=\"elementor-element elementor-element-d95408f elementor-widget elementor-widget-text-editor\" data-id=\"d95408f\" data-element_type=\"widget\" data-e-type=\"widget\" data-widget_type=\"text-editor.default\">\n\t\t\t\t<div class=\"elementor-widget-container\">\n\t\t\t\t\t\t\t\t\t<p data-start=\"0\" data-end=\"112\">K\u00ebtu jan\u00eb disa pyetje q\u00eb mund t\u00eb keni rreth sh\u00ebrbimeve tona IT, \u00e7far\u00eb \u00ebsht\u00eb e p\u00ebrfshir\u00eb dhe si e mb\u00ebshtesim biznesin tuaj.<\/p><p data-start=\"0\" data-end=\"112\">P\u00ebr \u00e7do pyetje tjet\u00ebr, na kontaktoni!<\/p>\t\t\t\t\t\t\t\t<\/div>\n\t\t\t\t<\/div>\n\t\t\t\t<div class=\"elementor-element elementor-element-d90282d elementor-widget elementor-widget-itsulu-button\" data-id=\"d90282d\" data-element_type=\"widget\" data-e-type=\"widget\" data-widget_type=\"itsulu-button.default\">\n\t\t\t\t<div class=\"elementor-widget-container\">\n\t\t\t\t\t\n\t\t\t\t<!-- Button -->\n\t\t<a class=\"mil-button mil-border\" href=\"\/sq\/contact\/\">\n\t\t\t\t\t\t<span >\n\t\t\t\tPyetje t\u00eb tjera?\t\t\t<\/span>\n\t\t\t\t\t\t    \t<\/a>\n\t\t\n\t\t\t\t\t\t<\/div>\n\t\t\t\t<\/div>\n\t\t\t\t\t<\/div>\n\t\t<\/div>\n\t\t\t\t<div class=\"elementor-column elementor-col-33 elementor-top-column elementor-element elementor-element-a6c18c7\" data-id=\"a6c18c7\" data-element_type=\"column\" data-e-type=\"column\">\n\t\t\t<div class=\"elementor-widget-wrap\">\n\t\t\t\t\t\t\t<\/div>\n\t\t<\/div>\n\t\t\t\t<div class=\"elementor-column elementor-col-33 elementor-top-column elementor-element elementor-element-a8a5edd\" data-id=\"a8a5edd\" data-element_type=\"column\" data-e-type=\"column\">\n\t\t\t<div class=\"elementor-widget-wrap elementor-element-populated\">\n\t\t\t\t\t\t<div class=\"elementor-element elementor-element-cb566bd elementor-widget elementor-widget-itsulu-faq\" data-id=\"cb566bd\" data-element_type=\"widget\" data-e-type=\"widget\" data-widget_type=\"itsulu-faq.default\">\n\t\t\t\t<div class=\"elementor-widget-container\">\n\t\t\t\t\t\t\t\n\t\t\t\t<div class=\"mil-tabs\">\n\t\t\t\t\t\t\t\t\t<div class=\"mil-accordion\">\n\t\t\t\t<div class=\"mil-h6\">\n\t\t\t\t\t<span >\n\t\t\t\t\t\t \u00c7far\u00eb sh\u00ebrbimesh p\u00ebrfshihen n\u00eb planet tuaja t\u00eb menaxhimit IT?\t\t\t\t\t<\/span>\n\t\t\t\t<\/div>\n\t\t\t<\/div>\n\t\t\t\t\t\t\t\t\t<div class=\"mil-panel\">\n\t\t\t\t<div class=\"mil-window\">\n\t\t\t\t\t<div >\n\t\t\t\t\t\t<p>Planet tona zakonisht p\u00ebrfshijn\u00eb monitorimin e rrjetit, sigurin\u00eb kibernetike, kopjet rezerv\u00eb t\u00eb t\u00eb dh\u00ebnave, mb\u00ebshtetjen teknike (help desk), p\u00ebrdit\u00ebsimet e softuerit, sh\u00ebrbimet cloud dhe m\u00eb shum\u00eb. Ne gjithashtu ofrojm\u00eb zgjidhje t\u00eb personalizuara sipas nevojave t\u00eb biznesit tuaj.<\/p>\t\t\t\t\t<\/div>\n\t\t\t\t<\/div>\n\t\t\t<\/div>\n\t\t\t\t\t\t\t\t\t\t\t\t<div class=\"mil-accordion\">\n\t\t\t\t<div class=\"mil-h6\">\n\t\t\t\t\t<span >\n\t\t\t\t\t\tA mund t\u2019i personalizoj sh\u00ebrbimet IT sipas k\u00ebrkesave t\u00eb biznesit tim?\t\t\t\t\t<\/span>\n\t\t\t\t<\/div>\n\t\t\t<\/div>\n\t\t\t\t\t\t\t\t\t<div class=\"mil-panel\">\n\t\t\t\t<div class=\"mil-window\">\n\t\t\t\t\t<div >\n\t\t\t\t\t\t<p>Po! Ne besojm\u00eb n\u00eb fleksibilitet. Mund ta personalizoni planin tuaj p\u00ebr t\u00eb p\u00ebrfshir\u00eb vet\u00ebm sh\u00ebrbimet q\u00eb ju nevojiten \u2013 as m\u00eb shum\u00eb, as m\u00eb pak.<\/p>\t\t\t\t\t<\/div>\n\t\t\t\t<\/div>\n\t\t\t<\/div>\n\t\t\t\t\t\t\t\t\t\t\t\t<div class=\"mil-accordion\">\n\t\t\t\t<div class=\"mil-h6\">\n\t\t\t\t\t<span >\n\t\t\t\t\t\tSa kushton sh\u00ebrbimi juaj?\t\t\t\t\t<\/span>\n\t\t\t\t<\/div>\n\t\t\t<\/div>\n\t\t\t\t\t\t\t\t\t<div class=\"mil-panel\">\n\t\t\t\t<div class=\"mil-window\">\n\t\t\t\t\t<div >\n\t\t\t\t\t\t<p>\u00c7mimi varet nga madh\u00ebsia e biznesit tuaj dhe sh\u00ebrbimet q\u00eb zgjidhni. Ne ofrojm\u00eb \u00e7mime fikse mujore p\u00ebr t\u00eb siguruar parashikueshm\u00ebri t\u00eb kostove, pa tarifa t\u00eb fshehura. Na kontaktoni p\u00ebr nj\u00eb ofert\u00eb t\u00eb personalizuar.<\/p>\t\t\t\t\t<\/div>\n\t\t\t\t<\/div>\n\t\t\t<\/div>\n\t\t\t\t\t\t\t\t\t\t\t\t<div class=\"mil-accordion\">\n\t\t\t\t<div class=\"mil-h6\">\n\t\t\t\t\t<span >\n\t\t\t\t\t\tP\u00ebr \u00e7far\u00eb lloj mb\u00ebshtetjeje ofroni?\t\t\t\t\t<\/span>\n\t\t\t\t<\/div>\n\t\t\t<\/div>\n\t\t\t\t\t\t\t\t\t<div class=\"mil-panel\">\n\t\t\t\t<div class=\"mil-window\">\n\t\t\t\t\t<div >\n\t\t\t\t\t\t<p>Ne ofrojm\u00eb mb\u00ebshtetje 24\/7, si n\u00eb distanc\u00eb ashtu edhe n\u00eb vend, n\u00eb var\u00ebsi t\u00eb planit tuaj. Sh\u00ebrbimi yn\u00eb i ndihm\u00ebs \u00ebsht\u00eb gjithmon\u00eb i gatsh\u00ebm p\u00ebr t'ju ndihmuar me \u00e7\u00ebshtje teknike, emergjenca dhe mir\u00ebmbajtje t\u00eb rregullt.<\/p>\t\t\t\t\t<\/div>\n\t\t\t\t<\/div>\n\t\t\t<\/div>\n\t\t\t\t\t\t\t\t\t\t\t\t<div class=\"mil-accordion\">\n\t\t\t\t<div class=\"mil-h6\">\n\t\t\t\t\t<span >\n\t\t\t\t\t\tA jan\u00eb t\u00eb sigurta t\u00eb dh\u00ebnat e mia me sh\u00ebrbimin tuaj?\t\t\t\t\t<\/span>\n\t\t\t\t<\/div>\n\t\t\t<\/div>\n\t\t\t\t\t\t\t\t\t<div class=\"mil-panel\">\n\t\t\t\t<div class=\"mil-window\">\n\t\t\t\t\t<div >\n\t\t\t\t\t\t<p>Absolutisht. Siguria \u00ebsht\u00eb nj\u00eb prioritet kryesor. Ne p\u00ebrdorim enkriptim sipas standarteve t\u00eb industris\u00eb, firewalle dhe monitorim t\u00eb rregullt p\u00ebr t\u00eb mbajtur t\u00eb dh\u00ebnat tuaja t\u00eb sigurta nga k\u00ebrc\u00ebnimet dhe shkeljet.<\/p>\t\t\t\t\t<\/div>\n\t\t\t\t<\/div>\n\t\t\t<\/div>\n\t\t\t\t\t\t\t\t\t\t\t\t<div class=\"mil-accordion\">\n\t\t\t\t<div class=\"mil-h6\">\n\t\t\t\t\t<span >\n\t\t\t\t\t\tSi t\u00eb filloj?\t\t\t\t\t<\/span>\n\t\t\t\t<\/div>\n\t\t\t<\/div>\n\t\t\t\t\t\t\t\t\t<div class=\"mil-panel\">\n\t\t\t\t<div class=\"mil-window\">\n\t\t\t\t\t<div >\n\t\t\t\t\t\t<p data-start=\"1436\" data-end=\"1584\">Thjesht na kontaktoni p\u00ebrmes faqes son\u00eb t\u00eb internetit ose telefonit. Ne do t\u00eb planifikojm\u00eb nj\u00eb konsultim t\u00eb shpejt\u00eb p\u00ebr t\u00eb kuptuar nevojat tuaja dhe p\u00ebr t\u00eb nd\u00ebrtuar nj\u00eb plan q\u00eb i p\u00ebrshtatet biznesit tuaj.<\/p>\t\t\t\t\t<\/div>\n\t\t\t\t<\/div>\n\t\t\t<\/div>\n\t\t\t\t\t\t\t\t\t\t\t\t<div class=\"mil-accordion\">\n\t\t\t\t<div class=\"mil-h6\">\n\t\t\t\t\t<span >\n\t\t\t\t\t\t A ofroni mb\u00ebshtetje p\u00ebr ekipet n\u00eb distanc\u00eb ose p\u00ebr disa lokacione?\t\t\t\t\t<\/span>\n\t\t\t\t<\/div>\n\t\t\t<\/div>\n\t\t\t\t\t\t\t\t\t<div class=\"mil-panel\">\n\t\t\t\t<div class=\"mil-window\">\n\t\t\t\t\t<div >\n\t\t\t\t\t\t<p>Po. Zgjidhjet tona jan\u00eb krijuar p\u00ebr t\u00eb mb\u00ebshtetur si ekipet n\u00eb vend, ashtu edhe ato n\u00eb distanc\u00eb, si dhe bizneset me disa lokacione.<\/p>\t\t\t\t\t<\/div>\n\t\t\t\t<\/div>\n\t\t\t<\/div>\n\t\t\t\t\t\t\t\t\t\t\t\t<div class=\"mil-accordion\">\n\t\t\t\t<div class=\"mil-h6\">\n\t\t\t\t\t<span >\n\t\t\t\t\t\t\u00c7far\u00eb ndodh n\u00ebse kam nevoj\u00eb t\u00eb rris ose zvog\u00ebloj sh\u00ebrbimin?\t\t\t\t\t<\/span>\n\t\t\t\t<\/div>\n\t\t\t<\/div>\n\t\t\t\t\t\t\t\t\t<div class=\"mil-panel\">\n\t\t\t\t<div class=\"mil-window\">\n\t\t\t\t\t<div >\n\t\t\t\t\t\t<p>Asnj\u00eb problem! Sh\u00ebrbimet tona jan\u00eb fleksib\u00ebl. Ju mund t\u00eb rrisni ose zvog\u00ebloni planin tuaj nd\u00ebrsa biznesi juaj rritet\u2014ose n\u00ebse nevojat tuaja ndryshojn\u00eb\u2014pa asnj\u00eb nd\u00ebrprerje.<\/p>\t\t\t\t\t<\/div>\n\t\t\t\t<\/div>\n\t\t\t<\/div>\n\t\t\t\t\t\t\t\t<\/div>\n\t\t\n\t\t\t\t\t\t<\/div>\n\t\t\t\t<\/div>\n\t\t\t\t\t<\/div>\n\t\t<\/div>\n\t\t\t\t\t<\/div>\n\t\t<\/section>\n\t\t\t\t<section class=\"elementor-section elementor-top-section elementor-element elementor-element-f4dc718 elementor-section-full_width elementor-section-height-default elementor-section-height-default\" data-id=\"f4dc718\" data-element_type=\"section\" data-e-type=\"section\" data-settings=\"{&quot;background_background&quot;:&quot;classic&quot;}\">\n\t\t\t\t\t\t\t<div class=\"elementor-background-overlay\"><\/div>\n\t\t\t\t\t\t\t<div class=\"elementor-container elementor-column-gap-no\">\n\t\t\t\t\t<div class=\"elementor-column elementor-col-100 elementor-top-column elementor-element elementor-element-76f8c13\" data-id=\"76f8c13\" data-element_type=\"column\" data-e-type=\"column\">\n\t\t\t<div class=\"elementor-widget-wrap elementor-element-populated\">\n\t\t\t\t\t\t<section class=\"elementor-section elementor-inner-section elementor-element elementor-element-2286914 elementor-section-boxed elementor-section-height-default elementor-section-height-default\" data-id=\"2286914\" data-element_type=\"section\" data-e-type=\"section\">\n\t\t\t\t\t\t<div class=\"elementor-container elementor-column-gap-default\">\n\t\t\t\t\t<div class=\"elementor-column elementor-col-100 elementor-inner-column elementor-element elementor-element-f1e4374\" data-id=\"f1e4374\" data-element_type=\"column\" data-e-type=\"column\">\n\t\t\t<div class=\"elementor-widget-wrap elementor-element-populated\">\n\t\t\t\t\t\t<div class=\"elementor-element elementor-element-7050054 elementor-widget elementor-widget-itsulu-services\" data-id=\"7050054\" data-element_type=\"widget\" data-e-type=\"widget\" data-widget_type=\"itsulu-services.default\">\n\t\t\t\t<div class=\"elementor-widget-container\">\n\t\t\t\t\t\n\t\t\t\t\t\t<div class=\"mil-icon-box mil-center\">\n\t\t\t\t\t\t\t\t\t\t\t\t<div class=\"mil-icon-frame mil-icon-frame-md mil-mb-30 mil-light\">\n\t\t\t\t<svg aria-hidden=\"true\" class=\"e-font-icon-svg e-far-handshake\" viewbox=\"0 0 640 512\" xmlns=\"http:\/\/www.w3.org\/2000\/svg\"><path d=\"M519.2 127.9l-47.6-47.6A56.252 56.252 0 0 0 432 64H205.2c-14.8 0-29.1 5.9-39.6 16.3L118 127.9H0v255.7h64c17.6 0 31.8-14.2 31.9-31.7h9.1l84.6 76.4c30.9 25.1 73.8 25.7 105.6 3.8 12.5 10.8 26 15.9 41.1 15.9 18.2 0 35.3-7.4 48.8-24 22.1 8.7 48.2 2.6 64-16.8l26.2-32.3c5.6-6.9 9.1-14.8 10.9-23h57.9c.1 17.5 14.4 31.7 31.9 31.7h64V127.9H519.2zM48 351.6c-8.8 0-16-7.2-16-16s7.2-16 16-16 16 7.2 16 16c0 8.9-7.2 16-16 16zm390-6.9l-26.1 32.2c-2.8 3.4-7.8 4-11.3 1.2l-23.9-19.4-30 36.5c-6 7.3-15 4.8-18 2.4l-36.8-31.5-15.6 19.2c-13.9 17.1-39.2 19.7-55.3 6.6l-97.3-88H96V175.8h41.9l61.7-61.6c2-.8 3.7-1.5 5.7-2.3H262l-38.7 35.5c-29.4 26.9-31.1 72.3-4.4 101.3 14.8 16.2 61.2 41.2 101.5 4.4l8.2-7.5 108.2 87.8c3.4 2.8 3.9 7.9 1.2 11.3zm106-40.8h-69.2c-2.3-2.8-4.9-5.4-7.7-7.7l-102.7-83.4 12.5-11.4c6.5-6 7-16.1 1-22.6L367 167.1c-6-6.5-16.1-6.9-22.6-1l-55.2 50.6c-9.5 8.7-25.7 9.4-34.6 0-9.3-9.9-8.5-25.1 1.2-33.9l65.6-60.1c7.4-6.8 17-10.5 27-10.5l83.7-.2c2.1 0 4.1.8 5.5 2.3l61.7 61.6H544v128zm48 47.7c-8.8 0-16-7.2-16-16s7.2-16 16-16 16 7.2 16 16c0 8.9-7.2 16-16 16z\"><\/path><\/svg>\t\t\t<\/div>\n\t\t\t\t\t\t\t\t\t\t\t\t\t\t\t\t\t\t\t\t<\/div>\n\t\t\t\t\t\t\n\t\t\n\t\t\t\t\t<\/div>\n\t\t\t\t<\/div>\n\t\t\t\t<div class=\"elementor-element elementor-element-38e9c77 elementor-widget elementor-widget-itsulu-heading\" data-id=\"38e9c77\" data-element_type=\"widget\" data-e-type=\"widget\" data-widget_type=\"itsulu-heading.default\">\n\t\t\t\t<div class=\"elementor-widget-container\">\n\t\t\t\t\t\n\t\t\t\t\t\t<h2 class=\"mil-h2 mil-light\">\n\t\t\t<span >\n\t\t\t\tSuport IT q\u00eb <span class=\"mil-accent\">p\u00ebrshtatet <\/span> me biznesin tuaj\t\t\t<\/span>\n\t\t<\/h2>\n\t\t\n\t\t\t\t\t\t<\/div>\n\t\t\t\t<\/div>\n\t\t\t\t<div class=\"elementor-element elementor-element-7208387 elementor-widget elementor-widget-text-editor\" data-id=\"7208387\" data-element_type=\"widget\" data-e-type=\"widget\" data-widget_type=\"text-editor.default\">\n\t\t\t\t<div class=\"elementor-widget-container\">\n\t\t\t\t\t\t\t\t\t<p>Ne p\u00ebrshtatim sh\u00ebrbimet tona IT me nevojat dhe planet e biznesit tuaj, duke siguruar q\u00eb t\u00eb merrni mb\u00ebshtetje t\u00eb duhur kur t\u00eb keni nevoj\u00ebn.<\/p>\t\t\t\t\t\t\t\t<\/div>\n\t\t\t\t<\/div>\n\t\t\t\t<div class=\"elementor-element elementor-element-5bc82c2 elementor-widget elementor-widget-itsulu-button\" data-id=\"5bc82c2\" data-element_type=\"widget\" data-e-type=\"widget\" data-widget_type=\"itsulu-button.default\">\n\t\t\t\t<div class=\"elementor-widget-container\">\n\t\t\t\t\t\n\t\t\t\t<!-- Button -->\n\t\t<a class=\"mil-button mil-border mil-light\" href=\"\/sq\/contact\/\">\n\t\t\t\t\t\t<span >\n\t\t\t\tKontakt\t\t\t<\/span>\n\t\t\t\t\t\t    \t<\/a>\n\t\t\n\t\t\t\t\t\t<\/div>\n\t\t\t\t<\/div>\n\t\t\t\t\t<\/div>\n\t\t<\/div>\n\t\t\t\t\t<\/div>\n\t\t<\/section>\n\t\t\t\t\t<\/div>\n\t\t<\/div>\n\t\t\t\t\t<\/div>\n\t\t<\/section>\n\t\t\t\t<\/div>","protected":false},"excerpt":{"rendered":"<p>Home FAQ Got Questions? We\u2019ve Got Answers Here are some questions you might have about our IT services, what&#8217;s included, and how we support&#8230; <br \/><a href=\"https:\/\/omitech.al\/sq\/faq\/\" class=\"mil-link mil-mt-30\"><span>Read more<\/span><i class=\"fas fa-arrow-right\"><\/i><\/a><\/p>","protected":false},"author":1,"featured_media":0,"parent":0,"menu_order":0,"comment_status":"closed","ping_status":"closed","template":"template-elementor-default.php","meta":{"_acf_changed":false,"inline_featured_image":false,"_monsterinsights_skip_tracking":false,"_monsterinsights_sitenote_active":false,"_monsterinsights_sitenote_note":"","_monsterinsights_sitenote_category":0,"footnotes":""},"class_list":["post-1097","page","type-page","status-publish","hentry"],"acf":[],"aioseo_notices":[],"_links":{"self":[{"href":"https:\/\/omitech.al\/sq\/wp-json\/wp\/v2\/pages\/1097","targetHints":{"allow":["GET"]}}],"collection":[{"href":"https:\/\/omitech.al\/sq\/wp-json\/wp\/v2\/pages"}],"about":[{"href":"https:\/\/omitech.al\/sq\/wp-json\/wp\/v2\/types\/page"}],"author":[{"embeddable":true,"href":"https:\/\/omitech.al\/sq\/wp-json\/wp\/v2\/users\/1"}],"replies":[{"embeddable":true,"href":"https:\/\/omitech.al\/sq\/wp-json\/wp\/v2\/comments?post=1097"}],"version-history":[{"count":28,"href":"https:\/\/omitech.al\/sq\/wp-json\/wp\/v2\/pages\/1097\/revisions"}],"predecessor-version":[{"id":5048,"href":"https:\/\/omitech.al\/sq\/wp-json\/wp\/v2\/pages\/1097\/revisions\/5048"}],"wp:attachment":[{"href":"https:\/\/omitech.al\/sq\/wp-json\/wp\/v2\/media?parent=1097"}],"curies":[{"name":"wp","href":"https:\/\/api.w.org\/{rel}","templated":true}]}}