{"id":2136,"date":"2023-10-06T11:28:35","date_gmt":"2023-10-06T11:28:35","guid":{"rendered":"https:\/\/itsulu-demo.bslthemes.com\/?page_id=2136"},"modified":"2026-03-29T17:38:49","modified_gmt":"2026-03-29T15:38:49","slug":"blog","status":"publish","type":"page","link":"https:\/\/omitech.al\/sq\/blog\/","title":{"rendered":"Blog"},"content":{"rendered":"<div data-elementor-type=\"wp-page\" data-elementor-id=\"2136\" class=\"elementor elementor-2136\">\n\t\t\t\t\t\t<section class=\"elementor-section elementor-top-section elementor-element elementor-element-8ca689c elementor-section-full_width elementor-section-height-default elementor-section-height-default\" data-id=\"8ca689c\" data-element_type=\"section\" data-e-type=\"section\" data-settings=\"{&quot;background_background&quot;:&quot;classic&quot;}\">\n\t\t\t\t\t\t\t<div class=\"elementor-background-overlay\"><\/div>\n\t\t\t\t\t\t\t<div class=\"elementor-container elementor-column-gap-no\">\n\t\t\t\t\t<div class=\"elementor-column elementor-col-100 elementor-top-column elementor-element elementor-element-d9feea5\" data-id=\"d9feea5\" data-element_type=\"column\" data-e-type=\"column\">\n\t\t\t<div class=\"elementor-widget-wrap elementor-element-populated\">\n\t\t\t\t\t\t<section class=\"elementor-section elementor-inner-section elementor-element elementor-element-f6a6cd4 elementor-section-height-min-height elementor-section-boxed elementor-section-height-default\" data-id=\"f6a6cd4\" data-element_type=\"section\" data-e-type=\"section\">\n\t\t\t\t\t\t<div class=\"elementor-container elementor-column-gap-default\">\n\t\t\t\t\t<div class=\"elementor-column elementor-col-100 elementor-inner-column elementor-element elementor-element-08b0764\" data-id=\"08b0764\" data-element_type=\"column\" data-e-type=\"column\">\n\t\t\t<div class=\"elementor-widget-wrap elementor-element-populated\">\n\t\t\t\t\t\t<div class=\"elementor-element elementor-element-f409881 elementor-widget elementor-widget-itsulu-intro\" data-id=\"f409881\" data-element_type=\"widget\" data-e-type=\"widget\" data-widget_type=\"itsulu-intro.default\">\n\t\t\t\t<div class=\"elementor-widget-container\">\n\t\t\t\t\t\n\t\t<!-- banner -->\n\t\t<div class=\"mil-banner-sm\">\n\t\t\t\t\t\t\t\t\t\t\t\t<div class=\"mil-deco mil-deco-accent\" style=\"top: 47%; right: 0%; transform: rotate(90deg); background-image: url(https:\/\/omitech.al\/wp-content\/uploads\/2025\/05\/photot01-scaled.png);\"><\/div>\n\t\t\t\t\t\t\t\t\t\t\t\t<div class=\"mil-banner-content\">\n\t\t\t\t\t\t\t\t<div class=\"mil-breadcrumbs mil-mb-30 mil-light\">\n\t\t\t\t\t<ul><li><a href=\"https:\/\/omitech.al\/sq\" title=\"OMITECH\"><span>Kreu<\/span><\/a><\/li><li class=\"current\"><span><\/span><\/li><\/ul>\t\t\t\t<\/div>\n\t\t\t\t\t\t\t\t\t\t\t\t<h1 class=\"mil-h2 mil-uppercase mil-light\">\n\t\t\t\t\t<span >\n\t\t\t\t\t\tour blog\t\t\t\t\t<\/span>\n\t\t\t\t<\/h1>\n\t\t\t\t\t\t\t\t\t\t\t\t<div class=\"mil-suptitle mil-accent mil-light\">\n\t\t\t\t\t<span >\n\t\t\t\t\t\tNjohuri, k\u00ebshilla dhe p\u00ebrdit\u00ebsime nga bota e IT-s\u00eb.\t\t\t\t\t<\/span>\n\t\t\t\t<\/div>\n\t\t\t\t\t\t\t<\/div>\n\t\t<\/div>\n\t\t<!-- banner end -->\n\n\t\t\t\t\t\t<\/div>\n\t\t\t\t<\/div>\n\t\t\t\t\t<\/div>\n\t\t<\/div>\n\t\t\t\t\t<\/div>\n\t\t<\/section>\n\t\t\t\t\t<\/div>\n\t\t<\/div>\n\t\t\t\t\t<\/div>\n\t\t<\/section>\n\t\t\t\t<section class=\"elementor-section elementor-top-section elementor-element elementor-element-505ff59 elementor-section-boxed elementor-section-height-default elementor-section-height-default\" data-id=\"505ff59\" data-element_type=\"section\" data-e-type=\"section\">\n\t\t\t\t\t\t<div class=\"elementor-container elementor-column-gap-default\">\n\t\t\t\t\t<div class=\"elementor-column elementor-col-100 elementor-top-column elementor-element elementor-element-9c0b644\" data-id=\"9c0b644\" data-element_type=\"column\" data-e-type=\"column\">\n\t\t\t<div class=\"elementor-widget-wrap elementor-element-populated\">\n\t\t\t\t\t\t<div class=\"elementor-element elementor-element-605e9c2 elementor-widget elementor-widget-itsulu-blog-module\" data-id=\"605e9c2\" data-element_type=\"widget\" data-e-type=\"widget\" data-widget_type=\"itsulu-blog-module.default\">\n\t\t\t\t<div class=\"elementor-widget-container\">\n\t\t\t\t\t\n\t\t<div class=\"mil-blog mil-image-frame-filter\">\n\t\t\t\t\t\t<div class=\"row\">\n\t\t\t\t\n\n<div class=\"col-xs-12 col-sm-12 col-md-12 col-lg-4\">\n\t<div id=\"post-456\" class=\"post-456 post type-post status-publish format-standard has-post-thumbnail hentry category-learning tag-business tag-general\">\n\t\t<div class=\"mil-card mil-mb-60\">\n\t\t\t\t\t\t<div class=\"mil-cover-frame mil-mb-15\">\n\t\t\t\t<a href=\"https:\/\/omitech.al\/sq\/positioning-your-self-as-a-pro-consultant\/\"><img decoding=\"async\" src=\"https:\/\/omitech.al\/wp-content\/uploads\/2023\/10\/6ghz-wifi_1200x675_photo_031-1000x563.jpg\" alt=\"An FCC action that turned Wi-Fi into an enterprise powerhouse\" \/><\/a>\n\t\t\t<\/div>\n\t\t\t\t\t\t<div class=\"mil-description\">\n\t\t\t\t<div class=\"mil-fw-descr\">\n\t\t\t\t\t<div class=\"mil-card-top\">\n\t\t\t\t\t\t<div class=\"mil-bages mil-mb-15\">\n\t\t\t\t\t\t\t<div class=\"mil-dark\">Learning<\/div>\t\t\t\t\t\t<\/div>\n\t\t\t\t\t\t<div class=\"mil-stars mil-mb-15\">\n\t\t\t\t\t\t\t<span class=\"mil-dark\">6 Mars, 2025<\/span>\n\t\t\t\t\t\t<\/div>\n\t\t\t\t\t<\/div>\n\t\t\t\t\t<div class=\"mil-divider mil-divider-left mil-mb-20\"><\/div>\n\t\t\t\t\t<div class=\"mil-h4 mil-mb-15\">\n\t\t\t\t\t\t<a href=\"https:\/\/omitech.al\/sq\/positioning-your-self-as-a-pro-consultant\/\">An FCC action that turned Wi-Fi into an enterprise powerhouse<\/a>\n\t\t\t\t\t<\/div>\n\t\t\t\t\t\t\t\t\t\t<div class=\"mil-card-short\"><p>In 2020, the FCC opened the unlicensed 6 GHz spectrum to Wi-Fi. An explosion of innovation followed Five years ago this month, the U.S&#8230;. <br \/><a href=\"https:\/\/omitech.al\/sq\/positioning-your-self-as-a-pro-consultant\/\" class=\"mil-link mil-mt-30\"><span>Read more<\/span><i class=\"fas fa-arrow-right\"><\/i><\/a><\/p>\n<\/div>\n\t\t\t\t\t\t\t\t\t<\/div>\n\t\t\t<\/div>\n\t\t<\/div>\n\t<\/div>\n<\/div>\n\n\n<div class=\"col-xs-12 col-sm-12 col-md-12 col-lg-4\">\n\t<div id=\"post-452\" class=\"post-452 post type-post status-publish format-standard has-post-thumbnail hentry category-learning tag-business tag-design tag-development\">\n\t\t<div class=\"mil-card mil-mb-60\">\n\t\t\t\t\t\t<div class=\"mil-cover-frame mil-mb-15\">\n\t\t\t\t<a href=\"https:\/\/omitech.al\/sq\/build-your-money-machine-take-control\/\"><img decoding=\"async\" src=\"https:\/\/omitech.al\/wp-content\/uploads\/2023\/10\/Duo-press-IAM_1200x675-1000x563.jpg\" alt=\"Cisco Duo Reimagines Identity Security to Combat AI Era Threats\" \/><\/a>\n\t\t\t<\/div>\n\t\t\t\t\t\t<div class=\"mil-description\">\n\t\t\t\t<div class=\"mil-fw-descr\">\n\t\t\t\t\t<div class=\"mil-card-top\">\n\t\t\t\t\t\t<div class=\"mil-bages mil-mb-15\">\n\t\t\t\t\t\t\t<div class=\"mil-dark\">Learning<\/div>\t\t\t\t\t\t<\/div>\n\t\t\t\t\t\t<div class=\"mil-stars mil-mb-15\">\n\t\t\t\t\t\t\t<span class=\"mil-dark\">6 Shkurt, 2025<\/span>\n\t\t\t\t\t\t<\/div>\n\t\t\t\t\t<\/div>\n\t\t\t\t\t<div class=\"mil-divider mil-divider-left mil-mb-20\"><\/div>\n\t\t\t\t\t<div class=\"mil-h4 mil-mb-15\">\n\t\t\t\t\t\t<a href=\"https:\/\/omitech.al\/sq\/build-your-money-machine-take-control\/\">Cisco Duo Reimagines Identity Security to Combat AI Era Threats<\/a>\n\t\t\t\t\t<\/div>\n\t\t\t\t\t\t\t\t\t\t<div class=\"mil-card-short\"><p>New Duo IAM delivers comprehensive identity security that organizations can trust News Summary: SAN JOSE, Calif., May 28, 2025&nbsp;\u2013 Cisco (NASDAQ: CSCO), the leader&#8230; <br \/><a href=\"https:\/\/omitech.al\/sq\/build-your-money-machine-take-control\/\" class=\"mil-link mil-mt-30\"><span>Read more<\/span><i class=\"fas fa-arrow-right\"><\/i><\/a><\/p>\n<\/div>\n\t\t\t\t\t\t\t\t\t<\/div>\n\t\t\t<\/div>\n\t\t<\/div>\n\t<\/div>\n<\/div>\n\n\n<div class=\"col-xs-12 col-sm-12 col-md-12 col-lg-4\">\n\t<div id=\"post-2150\" class=\"post-2150 post type-post status-publish format-standard has-post-thumbnail hentry category-learning\">\n\t\t<div class=\"mil-card mil-mb-60\">\n\t\t\t\t\t\t<div class=\"mil-cover-frame mil-mb-15\">\n\t\t\t\t<a href=\"https:\/\/omitech.al\/sq\/the-latest-technology-have-suffered-alteration\/\"><img decoding=\"async\" src=\"https:\/\/omitech.al\/wp-content\/uploads\/2023\/10\/ai.jpeg\" alt=\"AI is Reshaping Global Secure Connectivity\" \/><\/a>\n\t\t\t<\/div>\n\t\t\t\t\t\t<div class=\"mil-description\">\n\t\t\t\t<div class=\"mil-fw-descr\">\n\t\t\t\t\t<div class=\"mil-card-top\">\n\t\t\t\t\t\t<div class=\"mil-bages mil-mb-15\">\n\t\t\t\t\t\t\t<div class=\"mil-dark\">Learning<\/div>\t\t\t\t\t\t<\/div>\n\t\t\t\t\t\t<div class=\"mil-stars mil-mb-15\">\n\t\t\t\t\t\t\t<span class=\"mil-dark\">6 Tetor, 2023<\/span>\n\t\t\t\t\t\t<\/div>\n\t\t\t\t\t<\/div>\n\t\t\t\t\t<div class=\"mil-divider mil-divider-left mil-mb-20\"><\/div>\n\t\t\t\t\t<div class=\"mil-h4 mil-mb-15\">\n\t\t\t\t\t\t<a href=\"https:\/\/omitech.al\/sq\/the-latest-technology-have-suffered-alteration\/\">AI is Reshaping Global Secure Connectivity<\/a>\n\t\t\t\t\t<\/div>\n\t\t\t\t\t\t\t\t\t\t<div class=\"mil-card-short\"><p>The AI revolution isn\u2019t just about bigger models and smarter applications.&nbsp; It\u2019s also about the network infrastructure that enables them. As AI evolves, service&#8230; <br \/><a href=\"https:\/\/omitech.al\/sq\/the-latest-technology-have-suffered-alteration\/\" class=\"mil-link mil-mt-30\"><span>Read more<\/span><i class=\"fas fa-arrow-right\"><\/i><\/a><\/p>\n<\/div>\n\t\t\t\t\t\t\t\t\t<\/div>\n\t\t\t<\/div>\n\t\t<\/div>\n\t<\/div>\n<\/div>\n\n\n<div class=\"col-xs-12 col-sm-12 col-md-12 col-lg-4\">\n\t<div id=\"post-2149\" class=\"post-2149 post type-post status-publish format-standard has-post-thumbnail hentry category-management\">\n\t\t<div class=\"mil-card mil-mb-60\">\n\t\t\t\t\t\t<div class=\"mil-cover-frame mil-mb-15\">\n\t\t\t\t<a href=\"https:\/\/omitech.al\/sq\/android-application-products-delivery\/\"><img decoding=\"async\" src=\"https:\/\/omitech.al\/wp-content\/uploads\/2023\/10\/compliance-launch-blog-1000x667.webp\" alt=\"GravityZone Compliance Manager: Simplify Compliance in a Complex Security Landscape\" \/><\/a>\n\t\t\t<\/div>\n\t\t\t\t\t\t<div class=\"mil-description\">\n\t\t\t\t<div class=\"mil-fw-descr\">\n\t\t\t\t\t<div class=\"mil-card-top\">\n\t\t\t\t\t\t<div class=\"mil-bages mil-mb-15\">\n\t\t\t\t\t\t\t<div class=\"mil-dark\">Management<\/div>\t\t\t\t\t\t<\/div>\n\t\t\t\t\t\t<div class=\"mil-stars mil-mb-15\">\n\t\t\t\t\t\t\t<span class=\"mil-dark\">6 Tetor, 2023<\/span>\n\t\t\t\t\t\t<\/div>\n\t\t\t\t\t<\/div>\n\t\t\t\t\t<div class=\"mil-divider mil-divider-left mil-mb-20\"><\/div>\n\t\t\t\t\t<div class=\"mil-h4 mil-mb-15\">\n\t\t\t\t\t\t<a href=\"https:\/\/omitech.al\/sq\/android-application-products-delivery\/\">GravityZone Compliance Manager: Simplify Compliance in a Complex Security Landscape<\/a>\n\t\t\t\t\t<\/div>\n\t\t\t\t\t\t\t\t\t\t<div class=\"mil-card-short\"><p>Staying compliant with regulatory mandates has become one of the most pressing challenges for modern organizations. From GDPR and PCI DSS to DORA and&#8230; <br \/><a href=\"https:\/\/omitech.al\/sq\/android-application-products-delivery\/\" class=\"mil-link mil-mt-30\"><span>Read more<\/span><i class=\"fas fa-arrow-right\"><\/i><\/a><\/p>\n<\/div>\n\t\t\t\t\t\t\t\t\t<\/div>\n\t\t\t<\/div>\n\t\t<\/div>\n\t<\/div>\n<\/div>\n\n\n<div class=\"col-xs-12 col-sm-12 col-md-12 col-lg-4\">\n\t<div id=\"post-444\" class=\"post-444 post type-post status-publish format-standard has-post-thumbnail hentry category-management tag-business tag-design tag-software\">\n\t\t<div class=\"mil-card mil-mb-60\">\n\t\t\t\t\t\t<div class=\"mil-cover-frame mil-mb-15\">\n\t\t\t\t<a href=\"https:\/\/omitech.al\/sq\/easy-most-powerful-server-platform\/\"><img decoding=\"async\" src=\"https:\/\/omitech.al\/wp-content\/uploads\/2023\/07\/Young-Asian-male-frustrated-by-ransomware-cyber-attack-845470768.jpg\" alt=\"900 Victims Compromised by Play Ransomware, FBI Reports\" \/><\/a>\n\t\t\t<\/div>\n\t\t\t\t\t\t<div class=\"mil-description\">\n\t\t\t\t<div class=\"mil-fw-descr\">\n\t\t\t\t\t<div class=\"mil-card-top\">\n\t\t\t\t\t\t<div class=\"mil-bages mil-mb-15\">\n\t\t\t\t\t\t\t<div class=\"mil-dark\">Management<\/div>\t\t\t\t\t\t<\/div>\n\t\t\t\t\t\t<div class=\"mil-stars mil-mb-15\">\n\t\t\t\t\t\t\t<span class=\"mil-dark\">21 Korrik, 2023<\/span>\n\t\t\t\t\t\t<\/div>\n\t\t\t\t\t<\/div>\n\t\t\t\t\t<div class=\"mil-divider mil-divider-left mil-mb-20\"><\/div>\n\t\t\t\t\t<div class=\"mil-h4 mil-mb-15\">\n\t\t\t\t\t\t<a href=\"https:\/\/omitech.al\/sq\/easy-most-powerful-server-platform\/\">900 Victims Compromised by Play Ransomware, FBI Reports<\/a>\n\t\t\t\t\t<\/div>\n\t\t\t\t\t\t\t\t\t\t<div class=\"mil-card-short\"><p>The FBI disclosed that nearly 900 organizations were compromised in the rising tide of Play ransomware attacks. Triple impact in under two years In&#8230; <br \/><a href=\"https:\/\/omitech.al\/sq\/easy-most-powerful-server-platform\/\" class=\"mil-link mil-mt-30\"><span>Read more<\/span><i class=\"fas fa-arrow-right\"><\/i><\/a><\/p>\n<\/div>\n\t\t\t\t\t\t\t\t\t<\/div>\n\t\t\t<\/div>\n\t\t<\/div>\n\t<\/div>\n<\/div>\n\t\t\t<\/div>\n\n\t\t\t\t\t\t<div class=\"pager mil-pagination-numbers mil-mt-30\">\n\t\t\t\t\t\t\t<\/div>\n\t\t\t\n\t\t\t\t\t<\/div>\n\n\t\t\t\t\t\t<\/div>\n\t\t\t\t<\/div>\n\t\t\t\t\t<\/div>\n\t\t<\/div>\n\t\t\t\t\t<\/div>\n\t\t<\/section>\n\t\t\t\t<\/div>","protected":false},"excerpt":{"rendered":"<p>Home our blog Insights, tips, and updates from the world of IT. Learning March 6, 2025 An FCC action that turned Wi-Fi into an&#8230; <br \/><a href=\"https:\/\/omitech.al\/sq\/easy-most-powerful-server-platform\/\" class=\"mil-link mil-mt-30\"><span>Read more<\/span><i class=\"fas fa-arrow-right\"><\/i><\/a><\/p>","protected":false},"author":1,"featured_media":0,"parent":0,"menu_order":0,"comment_status":"closed","ping_status":"closed","template":"template-elementor-default.php","meta":{"_acf_changed":false,"inline_featured_image":false,"_monsterinsights_skip_tracking":false,"_monsterinsights_sitenote_active":false,"_monsterinsights_sitenote_note":"","_monsterinsights_sitenote_category":0,"footnotes":""},"class_list":["post-2136","page","type-page","status-publish","hentry"],"acf":[],"aioseo_notices":[],"_links":{"self":[{"href":"https:\/\/omitech.al\/sq\/wp-json\/wp\/v2\/pages\/2136","targetHints":{"allow":["GET"]}}],"collection":[{"href":"https:\/\/omitech.al\/sq\/wp-json\/wp\/v2\/pages"}],"about":[{"href":"https:\/\/omitech.al\/sq\/wp-json\/wp\/v2\/types\/page"}],"author":[{"embeddable":true,"href":"https:\/\/omitech.al\/sq\/wp-json\/wp\/v2\/users\/1"}],"replies":[{"embeddable":true,"href":"https:\/\/omitech.al\/sq\/wp-json\/wp\/v2\/comments?post=2136"}],"version-history":[{"count":15,"href":"https:\/\/omitech.al\/sq\/wp-json\/wp\/v2\/pages\/2136\/revisions"}],"predecessor-version":[{"id":4858,"href":"https:\/\/omitech.al\/sq\/wp-json\/wp\/v2\/pages\/2136\/revisions\/4858"}],"wp:attachment":[{"href":"https:\/\/omitech.al\/sq\/wp-json\/wp\/v2\/media?parent=2136"}],"curies":[{"name":"wp","href":"https:\/\/api.w.org\/{rel}","templated":true}]}}